{"id":3,"date":"2025-05-06T18:31:52","date_gmt":"2025-05-06T18:31:52","guid":{"rendered":"https:\/\/cuocsongduc.org\/?page_id=3"},"modified":"2025-05-18T21:15:53","modified_gmt":"2025-05-18T14:15:53","slug":"privacy-policy","status":"publish","type":"page","link":"https:\/\/cuocsongduc.org\/?page_id=3","title":{"rendered":"Ch\u00ednh s\u00e1ch Quy\u1ec1n ri\u00eang t\u01b0"},"content":{"rendered":"<p class=\"\" style=\"text-align: justify;\" data-start=\"29\" data-end=\"482\">Ch\u00fang t\u00f4i (Cu\u1ed9c S\u1ed1ng \u1ede \u0110\u1ee9c) tr\u00e2n tr\u1ecdng quy\u1ec1n ri\u00eang t\u01b0 v\u00e0 cam k\u1ebft b\u1ea3o v\u1ec7 th\u00f4ng tin c\u00e1 nh\u00e2n c\u1ee7a qu\u00fd kh\u00e1ch theo quy \u0111\u1ecbnh c\u1ee7a ph\u00e1p lu\u1eadt Vi\u1ec7t Nam. Khi s\u1eed d\u1ee5ng d\u1ecbch v\u1ee5 mua h\u00e0ng t\u1ea1i website, qu\u00fd kh\u00e1ch cung c\u1ea5p c\u00e1c th\u00f4ng tin c\u00e1 nh\u00e2n c\u01a1 b\u1ea3n nh\u01b0 <strong data-start=\"274\" data-end=\"324\">h\u1ecd t\u00ean, \u0111\u1ecba ch\u1ec9 li\u00ean l\u1ea1c, email, s\u1ed1 \u0111i\u1ec7n tho\u1ea1i<\/strong> \u0111\u1ec3 x\u1eed l\u00fd \u0111\u01a1n h\u00e0ng v\u00e0 giao d\u1ecbch. Ch\u00fang t\u00f4i ch\u1ec9 thu th\u1eadp th\u00f4ng tin c\u1ea7n thi\u1ebft ph\u1ee5c v\u1ee5 m\u1ee5c \u0111\u00edch mua b\u00e1n v\u00e0 s\u1ebd x\u1eed l\u00fd th\u00f4ng tin n\u00e0y m\u1ed9t c\u00e1ch minh b\u1ea1ch v\u00e0 h\u1ee3p ph\u00e1p.<\/p>\n<ul style=\"text-align: justify;\" data-start=\"484\" data-end=\"1663\">\n<li class=\"\" data-start=\"484\" data-end=\"810\">\n<p class=\"\" data-start=\"486\" data-end=\"619\"><strong data-start=\"486\" data-end=\"509\">Th\u00f4ng tin thu th\u1eadp:<\/strong> Ch\u00fang t\u00f4i thu th\u1eadp c\u00e1c th\u00f4ng tin c\u00e1 nh\u00e2n sau khi qu\u00fd kh\u00e1ch \u0111\u0103ng k\u00fd, \u0111\u1eb7t h\u00e0ng ho\u1eb7c li\u00ean h\u1ec7 d\u1ecbch v\u1ee5 kh\u00e1ch h\u00e0ng: <br \/><span style=\"letter-spacing: 0.3px;\">H\u1ecd v\u00e0 t\u00ean, \u0111\u1ecba ch\u1ec9 giao h\u00e0ng li\u00ean l\u1ea1c (n\u01a1i nh\u1eadn h\u00e0ng), s\u1ed1 \u0111i\u1ec7n tho\u1ea1i, email.<\/span><\/p>\n<p>Nh\u1eefng th\u00f4ng tin n\u00e0y \u0111\u01b0\u1ee3c s\u1eed d\u1ee5ng \u0111\u1ec3 x\u1eed l\u00fd \u0111\u01a1n h\u00e0ng, giao h\u00e0ng, li\u00ean h\u1ec7 x\u00e1c nh\u1eadn v\u00e0 th\u00f4ng b\u00e1o thanh to\u00e1n.<\/li>\n<li class=\"\" data-start=\"812\" data-end=\"1148\">\n<p class=\"\" data-start=\"814\" data-end=\"1148\"><strong data-start=\"814\" data-end=\"847\">Cookie v\u00e0 c\u00f4ng ngh\u1ec7 t\u01b0\u01a1ng t\u1ef1:<\/strong> \u0110\u1ec3 n\u00e2ng cao tr\u1ea3i nghi\u1ec7m ng\u01b0\u1eddi d\u00f9ng, website s\u1eed d\u1ee5ng <strong data-start=\"900\" data-end=\"910\">cookie<\/strong> v\u00e0 c\u00e1c c\u00f4ng ngh\u1ec7 t\u01b0\u01a1ng t\u1ef1. Cookie gi\u00fap ghi nh\u1edb th\u00f4ng tin \u0111\u0103ng nh\u1eadp, gi\u1ecf h\u00e0ng v\u00e0 t\u00f9y ch\u1ecdn c\u00e1 nh\u00e2n c\u1ee7a qu\u00fd kh\u00e1ch trong phi\u00ean truy c\u1eadp. Qu\u00fd kh\u00e1ch c\u00f3 th\u1ec3 t\u1eaft cookie trong c\u00e0i \u0111\u1eb7t tr\u00ecnh duy\u1ec7t n\u1ebfu kh\u00f4ng mu\u1ed1n website l\u01b0u tr\u1eef c\u00e1c th\u00f4ng tin n\u00e0y.<\/p>\n<\/li>\n<li class=\"\" data-start=\"1150\" data-end=\"1663\">\n<p class=\"\" data-start=\"1152\" data-end=\"1304\"><strong data-start=\"1152\" data-end=\"1179\">Chia s\u1ebb v\u1edbi b\u00ean th\u1ee9 ba:<\/strong> \u0110\u1ec3 ho\u00e0n t\u1ea5t \u0111\u01a1n h\u00e0ng, ch\u00fang t\u00f4i c\u00f3 th\u1ec3 chia s\u1ebb th\u00f4ng tin v\u1edbi c\u00e1c \u0111\u1ed1i t\u00e1c d\u1ecbch v\u1ee5 b\u00ean ngo\u00e0i trong ph\u1ea1m vi c\u1ea7n thi\u1ebft, bao g\u1ed3m:<\/p>\n<ul data-start=\"1307\" data-end=\"1663\">\n<li class=\"\" data-start=\"1307\" data-end=\"1398\">\n<p class=\"\" data-start=\"1309\" data-end=\"1398\"><strong data-start=\"1309\" data-end=\"1331\">\u0110\u01a1n v\u1ecb v\u1eadn chuy\u1ec3n:<\/strong> Chia s\u1ebb h\u1ecd t\u00ean, \u0111\u1ecba ch\u1ec9 v\u00e0 s\u1ed1 \u0111i\u1ec7n tho\u1ea1i \u0111\u1ec3 th\u1ef1c hi\u1ec7n giao h\u00e0ng.<\/p>\n<\/li>\n<li class=\"\" data-start=\"1401\" data-end=\"1663\">\n<p class=\"\" data-start=\"1403\" data-end=\"1663\"><strong data-start=\"1403\" data-end=\"1431\">C\u1ed5ng thanh to\u00e1n (PayOS):<\/strong> Chuy\u1ec3n h\u01b0\u1edbng thanh to\u00e1n qua PayOS \u0111\u1ec3 x\u1eed l\u00fd giao d\u1ecbch. Ch\u00fang t\u00f4i <strong data-start=\"1496\" data-end=\"1513\">kh\u00f4ng l\u01b0u tr\u1eef<\/strong> b\u1ea5t k\u1ef3 th\u00f4ng tin th\u1ebb ng\u00e2n h\u00e0ng n\u00e0o c\u1ee7a qu\u00fd kh\u00e1ch tr\u00ean h\u1ec7 th\u1ed1ng c\u1ee7a m\u00ecnh. Vi\u1ec7c b\u1ea3o m\u1eadt thanh to\u00e1n \u0111\u01b0\u1ee3c PayOS \u0111\u1ea3m b\u1ea3o theo ti\u00eau chu\u1ea9n an to\u00e0n qu\u1ed1c t\u1ebf.<\/p>\n<\/li>\n<\/ul>\n<\/li>\n<\/ul>\n<h2 class=\"\" style=\"text-align: justify;\" data-start=\"1665\" data-end=\"1688\">Quy\u1ec1n c\u1ee7a ng\u01b0\u1eddi d\u00f9ng<\/h2>\n<p class=\"\" style=\"text-align: justify;\" data-start=\"1690\" data-end=\"1934\">Theo quy \u0111\u1ecbnh t\u1ea1i Ngh\u1ecb \u0111\u1ecbnh 13\/2023\/N\u0110-CP v\u1ec1 b\u1ea3o v\u1ec7 d\u1eef li\u1ec7u c\u00e1 nh\u00e2n, ng\u01b0\u1eddi d\u00f9ng c\u00f3 c\u00e1c quy\u1ec1n li\u00ean quan \u0111\u1ebfn th\u00f4ng tin c\u00e1 nh\u00e2n c\u1ee7a m\u00ecnh<span class=\"ms-1 inline-flex max-w-full items-center relative top-[-0.094rem] animate-[show_150ms_ease-in]\"><a class=\"flex h-4.5 overflow-hidden rounded-xl px-2 text-[0.5625em] font-medium text-token-text-secondary! bg-[#F4F4F4]! dark:bg-[#303030]! transition-colors duration-150 ease-in-out\" href=\"https:\/\/xaydungchinhsach.chinhphu.vn\/toan-van-nghi-dinh-13-2023-nd-cp-bao-ve-du-lieu-ca-nhan-119230516104357809.htm#:~:text=Ch%E1%BB%A7%20th%E1%BB%83%20d%E1%BB%AF%20li%E1%BB%87u%20%C4%91%C6%B0%E1%BB%A3c,lu%E1%BA%ADt%20c%C3%B3%20quy%20%C4%91%E1%BB%8Bnh%20kh%C3%A1c\" target=\"_blank\" rel=\"noopener\"><span class=\"relative start-0 bottom-0 flex h-full w-full items-center\"><span class=\"flex h-4 w-full items-center justify-between overflow-hidden\"><span class=\"max-w-full grow truncate overflow-hidden text-center\">xaydungchinhsach.chinhphu.vn<\/span><\/span><\/span><\/a><\/span><span class=\"ms-1 inline-flex max-w-full items-center relative top-[-0.094rem] animate-[show_150ms_ease-in]\"><a class=\"flex h-4.5 overflow-hidden rounded-xl px-2 text-[0.5625em] font-medium text-token-text-secondary! bg-[#F4F4F4]! dark:bg-[#303030]! transition-colors duration-150 ease-in-out\" href=\"https:\/\/baovedlcn.vn\/chu-the-du-lieu-ca-nhan-co-quyen-tu-choi-cung-cap-thong-tin-khong\/#:~:text=ph%C3%A1t%20t%E1%BB%AB%20quy%E1%BB%81n%20c%C6%A1%20b%E1%BA%A3n,li%E1%BB%87u%20c%C3%A1%20nh%C3%A2n%20c%E1%BB%A7a%20m%C3%ACnh\" target=\"_blank\" rel=\"noopener\"><span class=\"relative start-0 bottom-0 flex h-full w-full items-center\"><span class=\"flex h-4 w-full items-center justify-between overflow-hidden\"><span class=\"max-w-full grow truncate overflow-hidden text-center\">baovedlcn.vn<\/span><\/span><\/span><\/a><\/span>. C\u1ee5 th\u1ec3, qu\u00fd kh\u00e1ch c\u00f3 c\u00e1c quy\u1ec1n sau:<\/p>\n<ol style=\"text-align: justify;\" data-start=\"1936\" data-end=\"2998\">\n<li class=\"\" data-start=\"1936\" data-end=\"2205\">\n<p class=\"\" data-start=\"1939\" data-end=\"2205\"><strong data-start=\"1939\" data-end=\"1971\">Quy\u1ec1n truy c\u1eadp v\u00e0 ch\u1ec9nh s\u1eeda:<\/strong> \u0110\u01b0\u1ee3c quy\u1ec1n truy c\u1eadp \u0111\u1ec3 xem, c\u1eadp nh\u1eadt ho\u1eb7c y\u00eau c\u1ea7u ch\u1ec9nh s\u1eeda d\u1eef li\u1ec7u c\u00e1 nh\u00e2n c\u1ee7a m\u00ecnh<span class=\"ms-1 inline-flex max-w-full items-center relative top-[-0.094rem] animate-[show_150ms_ease-in]\"><a class=\"flex h-4.5 overflow-hidden rounded-xl px-2 text-[0.5625em] font-medium text-token-text-secondary! bg-[#F4F4F4]! dark:bg-[#303030]! transition-colors duration-150 ease-in-out\" href=\"https:\/\/xaydungchinhsach.chinhphu.vn\/toan-van-nghi-dinh-13-2023-nd-cp-bao-ve-du-lieu-ca-nhan-119230516104357809.htm#:~:text=Ch%E1%BB%A7%20th%E1%BB%83%20d%E1%BB%AF%20li%E1%BB%87u%20%C4%91%C6%B0%E1%BB%A3c,lu%E1%BA%ADt%20c%C3%B3%20quy%20%C4%91%E1%BB%8Bnh%20kh%C3%A1c\" target=\"_blank\" rel=\"noopener\"><span class=\"relative start-0 bottom-0 flex h-full w-full items-center\"><span class=\"flex h-4 w-full items-center justify-between overflow-hidden\"><span class=\"max-w-full grow truncate overflow-hidden text-center\">xaydungchinhsach.chinhphu.vn<\/span><\/span><\/span><\/a><\/span>. Ch\u00fang t\u00f4i s\u1ebd h\u1ed7 tr\u1ee3 qu\u00fd kh\u00e1ch c\u1eadp nh\u1eadt th\u00f4ng tin n\u1ebfu ph\u00e1t hi\u1ec7n sai s\u00f3t, nh\u1eb1m \u0111\u1ea3m b\u1ea3o d\u1eef li\u1ec7u lu\u00f4n ch\u00ednh x\u00e1c.<\/p>\n<\/li>\n<li class=\"\" data-start=\"2206\" data-end=\"2525\">\n<p class=\"\" data-start=\"2209\" data-end=\"2525\"><strong data-start=\"2209\" data-end=\"2231\">Quy\u1ec1n x\u00f3a d\u1eef li\u1ec7u:<\/strong> \u0110\u01b0\u1ee3c y\u00eau c\u1ea7u x\u00f3a ho\u1eb7c h\u1ee7y b\u1ecf th\u00f4ng tin c\u00e1 nh\u00e2n c\u1ee7a m\u00ecnh khi kh\u00f4ng c\u00f2n c\u1ea7n thi\u1ebft cho m\u1ee5c \u0111\u00edch \u0111\u00e3 thu th\u1eadp ho\u1eb7c khi qu\u00fd kh\u00e1ch r\u00fat l\u1ea1i s\u1ef1 \u0111\u1ed3ng \u00fd<span class=\"ms-1 inline-flex max-w-full items-center relative top-[-0.094rem] animate-[show_150ms_ease-in]\"><a class=\"flex h-4.5 overflow-hidden rounded-xl px-2 text-[0.5625em] font-medium text-token-text-secondary! bg-[#F4F4F4]! dark:bg-[#303030]! transition-colors duration-150 ease-in-out\" href=\"https:\/\/xaydungchinhsach.chinhphu.vn\/toan-van-nghi-dinh-13-2023-nd-cp-bao-ve-du-lieu-ca-nhan-119230516104357809.htm#:~:text=Ch%E1%BB%A7%20th%E1%BB%83%20d%E1%BB%AF%20li%E1%BB%87u%20%C4%91%C6%B0%E1%BB%A3c,lu%E1%BA%ADt%20c%C3%B3%20quy%20%C4%91%E1%BB%8Bnh%20kh%C3%A1c\" target=\"_blank\" rel=\"noopener\"><span class=\"relative start-0 bottom-0 flex h-full w-full items-center\"><span class=\"flex h-4 w-full items-center justify-between overflow-hidden\"><span class=\"max-w-full grow truncate overflow-hidden text-center\">xaydungchinhsach.chinhphu.vn<\/span><\/span><\/span><\/a><\/span>. Ch\u00fang t\u00f4i s\u1ebd xem x\u00e9t v\u00e0 th\u1ef1c hi\u1ec7n y\u00eau c\u1ea7u n\u00e0y trong th\u1eddi h\u1ea1n h\u1ee3p l\u00fd, tr\u1eeb tr\u01b0\u1eddng h\u1ee3p ph\u00e1p lu\u1eadt c\u00f3 quy \u0111\u1ecbnh kh\u00e1c.<\/p>\n<\/li>\n<li class=\"\" data-start=\"2526\" data-end=\"2864\">\n<p class=\"\" data-start=\"2529\" data-end=\"2864\"><strong data-start=\"2529\" data-end=\"2566\">Quy\u1ec1n r\u00fat l\u1ea1i ho\u1eb7c t\u1eeb ch\u1ed1i x\u1eed l\u00fd:<\/strong> C\u00f3 quy\u1ec1n r\u00fat l\u1ea1i \u0111\u1ed3ng \u00fd ho\u1eb7c t\u1eeb ch\u1ed1i cho ph\u00e9p ch\u00fang t\u00f4i x\u1eed l\u00fd d\u1eef li\u1ec7u c\u00e1 nh\u00e2n c\u1ee7a m\u00ecnh t\u1ea1i b\u1ea5t k\u1ef3 th\u1eddi \u0111i\u1ec3m n\u00e0o<span class=\"ms-1 inline-flex max-w-full items-center relative top-[-0.094rem] animate-[show_150ms_ease-in]\"><a class=\"flex h-4.5 overflow-hidden rounded-xl px-2 text-[0.5625em] font-medium text-token-text-secondary! bg-[#F4F4F4]! dark:bg-[#303030]! transition-colors duration-150 ease-in-out\" href=\"https:\/\/xaydungchinhsach.chinhphu.vn\/toan-van-nghi-dinh-13-2023-nd-cp-bao-ve-du-lieu-ca-nhan-119230516104357809.htm#:~:text=Ch%E1%BB%A7%20th%E1%BB%83%20d%E1%BB%AF%20li%E1%BB%87u%20%C4%91%C6%B0%E1%BB%A3c,lu%E1%BA%ADt%20c%C3%B3%20quy%20%C4%91%E1%BB%8Bnh%20kh%C3%A1c\" target=\"_blank\" rel=\"noopener\"><span class=\"relative start-0 bottom-0 flex h-full w-full items-center\"><span class=\"flex h-4 w-full items-center justify-between overflow-hidden\"><span class=\"max-w-full grow truncate overflow-hidden text-center\">xaydungchinhsach.chinhphu.vn<\/span><\/span><\/span><\/a><\/span><span class=\"ms-1 inline-flex max-w-full items-center relative top-[-0.094rem] animate-[show_150ms_ease-in]\"><a class=\"flex h-4.5 overflow-hidden rounded-xl px-2 text-[0.5625em] font-medium text-token-text-secondary! bg-[#F4F4F4]! dark:bg-[#303030]! transition-colors duration-150 ease-in-out\" href=\"https:\/\/baovedlcn.vn\/chu-the-du-lieu-ca-nhan-co-quyen-tu-choi-cung-cap-thong-tin-khong\/#:~:text=ph%C3%A1t%20t%E1%BB%AB%20quy%E1%BB%81n%20c%C6%A1%20b%E1%BA%A3n,li%E1%BB%87u%20c%C3%A1%20nh%C3%A2n%20c%E1%BB%A7a%20m%C3%ACnh\" target=\"_blank\" rel=\"noopener\"><span class=\"relative start-0 bottom-0 flex h-full w-full items-center\"><span class=\"flex h-4 w-full items-center justify-between overflow-hidden\"><span class=\"max-w-full grow truncate overflow-hidden text-center\">baovedlcn.vn<\/span><\/span><\/span><\/a><\/span>. V\u00ed d\u1ee5, qu\u00fd kh\u00e1ch c\u00f3 th\u1ec3 y\u00eau c\u1ea7u kh\u00f4ng d\u00f9ng d\u1eef li\u1ec7u c\u00e1 nh\u00e2n cho m\u1ee5c \u0111\u00edch ti\u1ebfp th\u1ecb hay chia s\u1ebb v\u1edbi b\u00ean th\u1ee9 ba.<\/p>\n<\/li>\n<li class=\"\" data-start=\"2865\" data-end=\"2998\">\n<p class=\"\" data-start=\"2868\" data-end=\"2998\"><strong data-start=\"2868\" data-end=\"2892\">Quy\u1ec1n ng\u1eebng s\u1eed d\u1ee5ng:<\/strong> Y\u00eau c\u1ea7u d\u1eebng vi\u1ec7c s\u1eed d\u1ee5ng d\u1eef li\u1ec7u c\u00e1 nh\u00e2n cho c\u00e1c m\u1ee5c \u0111\u00edch kh\u00f4ng c\u00f2n ph\u00f9 h\u1ee3p ho\u1eb7c kh\u00f4ng \u0111\u01b0\u1ee3c s\u1ef1 \u0111\u1ed3ng \u00fd.<\/p>\n<\/li>\n<\/ol>\n<p class=\"\" style=\"text-align: justify;\" data-start=\"3000\" data-end=\"3298\">Ch\u00fang t\u00f4i t\u00f4n tr\u1ecdng v\u00e0 b\u1ea3o \u0111\u1ea3m th\u1ef1c hi\u1ec7n \u0111\u1ea7y \u0111\u1ee7 c\u00e1c quy\u1ec1n n\u00e0y. \u0110\u1ec3 th\u1ef1c hi\u1ec7n quy\u1ec1n c\u1ee7a m\u00ecnh (xem, s\u1eeda, x\u00f3a ho\u1eb7c t\u1eeb ch\u1ed1i s\u1eed d\u1ee5ng d\u1eef li\u1ec7u), qu\u00fd kh\u00e1ch c\u00f3 th\u1ec3 li\u00ean h\u1ec7 v\u1edbi ch\u00fang t\u00f4i theo th\u00f4ng tin ph\u00eda d\u01b0\u1edbi. Ch\u00fang t\u00f4i cam k\u1ebft ph\u1ea3n h\u1ed3i v\u00e0 gi\u1ea3i quy\u1ebft y\u00eau c\u1ea7u c\u1ee7a qu\u00fd kh\u00e1ch theo \u0111\u00fang quy \u0111\u1ecbnh c\u1ee7a ph\u00e1p lu\u1eadt.<\/p>\n<h2 class=\"\" style=\"text-align: justify;\" data-start=\"3300\" data-end=\"3328\">B\u1ea3o m\u1eadt th\u00f4ng tin c\u00e1 nh\u00e2n<\/h2>\n<p class=\"\" style=\"text-align: justify;\" data-start=\"3330\" data-end=\"4009\">Ch\u00fang t\u00f4i \u00e1p d\u1ee5ng c\u00e1c bi\u1ec7n ph\u00e1p k\u1ef9 thu\u1eadt v\u00e0 qu\u1ea3n l\u00fd nghi\u00eam ng\u1eb7t \u0111\u1ec3 \u0111\u1ea3m b\u1ea3o <strong data-start=\"3405\" data-end=\"3427\">an to\u00e0n v\u00e0 b\u1ea3o m\u1eadt<\/strong> th\u00f4ng tin c\u00e1 nh\u00e2n c\u1ee7a kh\u00e1ch h\u00e0ng. D\u1eef li\u1ec7u c\u00e1 nh\u00e2n c\u1ee7a qu\u00fd kh\u00e1ch \u0111\u01b0\u1ee3c m\u00e3 h\u00f3a v\u00e0 l\u01b0u tr\u1eef tr\u00ean h\u1ec7 th\u1ed1ng b\u1ea3o m\u1eadt, ch\u1ec9 c\u00f3 nh\u00e2n vi\u00ean \u0111\u01b0\u1ee3c \u1ee7y quy\u1ec1n m\u1edbi \u0111\u01b0\u1ee3c truy c\u1eadp. Ch\u00fang t\u00f4i s\u1eed d\u1ee5ng c\u00e1c bi\u1ec7n ph\u00e1p ph\u00f2ng ch\u1ed1ng x\u00e2m nh\u1eadp, ch\u1ed1ng virus, t\u01b0\u1eddng l\u1eeda v\u00e0 ki\u1ec3m so\u00e1t truy c\u1eadp nghi\u00eam ng\u1eb7t. Ngo\u00e0i ra, ch\u00fang t\u00f4i cam k\u1ebft kh\u00f4ng ti\u1ebft l\u1ed9 th\u00f4ng tin c\u00e1 nh\u00e2n c\u1ee7a qu\u00fd kh\u00e1ch cho b\u00ean ngo\u00e0i khi kh\u00f4ng c\u00f3 s\u1ef1 \u0111\u1ed3ng \u00fd tr\u1eeb tr\u01b0\u1eddng h\u1ee3p ph\u00e1p lu\u1eadt y\u00eau c\u1ea7u<span class=\"ms-1 inline-flex max-w-full items-center relative top-[-0.094rem] animate-[show_150ms_ease-in]\"><a class=\"flex h-4.5 overflow-hidden rounded-xl px-2 text-[0.5625em] font-medium text-token-text-secondary! bg-[#F4F4F4]! dark:bg-[#303030]! transition-colors duration-150 ease-in-out\" href=\"https:\/\/xaydungchinhsach.chinhphu.vn\/toan-van-nghi-dinh-13-2023-nd-cp-bao-ve-du-lieu-ca-nhan-119230516104357809.htm#:~:text=6,c%C3%A1c%20bi%E1%BB%87n%20ph%C3%A1p%20k%E1%BB%B9%20thu%E1%BA%ADt\" target=\"_blank\" rel=\"noopener\"><span class=\"relative start-0 bottom-0 flex h-full w-full items-center\"><span class=\"flex h-4 w-full items-center justify-between overflow-hidden\"><span class=\"max-w-full grow truncate overflow-hidden text-center\">xaydungchinhsach.chinhphu.vn<\/span><\/span><\/span><\/a><\/span>. M\u1ecdi s\u1ef1 c\u1ed1 li\u00ean quan \u0111\u1ebfn b\u1ea3o m\u1eadt th\u00f4ng tin s\u1ebd \u0111\u01b0\u1ee3c ch\u00fang t\u00f4i x\u1eed l\u00fd kh\u1ea9n tr\u01b0\u01a1ng v\u00e0 th\u00f4ng b\u00e1o cho c\u01a1 quan ch\u1ee9c n\u0103ng n\u1ebfu c\u1ea7n thi\u1ebft.<\/p>\n<h2 class=\"\" style=\"text-align: justify;\" data-start=\"4011\" data-end=\"4039\">Th\u1eddi gian l\u01b0u gi\u1eef d\u1eef li\u1ec7u<\/h2>\n<p class=\"\" style=\"text-align: justify;\" data-start=\"4041\" data-end=\"4760\">Ch\u00fang t\u00f4i ch\u1ec9 l\u01b0u gi\u1eef th\u00f4ng tin c\u00e1 nh\u00e2n c\u1ee7a qu\u00fd kh\u00e1ch <strong data-start=\"4095\" data-end=\"4131\">trong kho\u1ea3ng th\u1eddi gian c\u1ea7n thi\u1ebft<\/strong> \u0111\u1ec3 ph\u1ee5c v\u1ee5 m\u1ee5c \u0111\u00edch thu th\u1eadp ho\u1eb7c tu\u00e2n th\u1ee7 quy \u0111\u1ecbnh c\u1ee7a ph\u00e1p lu\u1eadt<span class=\"ms-1 inline-flex max-w-full items-center relative top-[-0.094rem] animate-[show_150ms_ease-in]\"><a class=\"flex h-4.5 overflow-hidden rounded-xl px-2 text-[0.5625em] font-medium text-token-text-secondary! bg-[#F4F4F4]! dark:bg-[#303030]! transition-colors duration-150 ease-in-out\" href=\"https:\/\/xaydungchinhsach.chinhphu.vn\/toan-van-nghi-dinh-13-2023-nd-cp-bao-ve-du-lieu-ca-nhan-119230516104357809.htm#:~:text=7,lu%E1%BA%ADt%20c%C3%B3%20quy%20%C4%91%E1%BB%8Bnh%20kh%C3%A1c\" target=\"_blank\" rel=\"noopener\"><span class=\"relative start-0 bottom-0 flex h-full w-full items-center\"><span class=\"flex h-4 w-full items-center justify-between overflow-hidden\"><span class=\"max-w-full grow truncate overflow-hidden text-center\">xaydungchinhsach.chinhphu.vn<\/span><\/span><\/span><\/a><\/span>. Sau khi ho\u00e0n t\u1ea5t vi\u1ec7c x\u1eed l\u00fd \u0111\u01a1n h\u00e0ng ho\u1eb7c khi m\u1ee5c \u0111\u00edch x\u1eed l\u00fd ch\u1ea5m d\u1ee9t, ch\u00fang t\u00f4i s\u1ebd x\u00f3a ho\u1eb7c \u1ea9n danh h\u00f3a d\u1eef li\u1ec7u c\u00e1 nh\u00e2n c\u1ee7a qu\u00fd kh\u00e1ch. Theo Ngh\u1ecb \u0111\u1ecbnh 13\/2023\/N\u0110-CP, \u201cd\u1eef li\u1ec7u c\u00e1 nh\u00e2n ch\u1ec9 \u0111\u01b0\u1ee3c l\u01b0u tr\u1eef trong kho\u1ea3ng th\u1eddi gian ph\u00f9 h\u1ee3p v\u1edbi m\u1ee5c \u0111\u00edch x\u1eed l\u00fd d\u1eef li\u1ec7u\u201d<span class=\"ms-1 inline-flex max-w-full items-center relative top-[-0.094rem] animate-[show_150ms_ease-in]\"><a class=\"flex h-4.5 overflow-hidden rounded-xl px-2 text-[0.5625em] font-medium text-token-text-secondary! bg-[#F4F4F4]! dark:bg-[#303030]! transition-colors duration-150 ease-in-out\" href=\"https:\/\/xaydungchinhsach.chinhphu.vn\/toan-van-nghi-dinh-13-2023-nd-cp-bao-ve-du-lieu-ca-nhan-119230516104357809.htm#:~:text=7,lu%E1%BA%ADt%20c%C3%B3%20quy%20%C4%91%E1%BB%8Bnh%20kh%C3%A1c\" target=\"_blank\" rel=\"noopener\"><span class=\"relative start-0 bottom-0 flex h-full w-full items-center\"><span class=\"flex h-4 w-full items-center justify-between overflow-hidden\"><span class=\"max-w-full grow truncate overflow-hidden text-center\">xaydungchinhsach.chinhphu.vn<\/span><\/span><\/span><\/a><\/span>. V\u00ec v\u1eady, ch\u00fang t\u00f4i ch\u1ec9 gi\u1eef l\u1ea1i d\u1eef li\u1ec7u c\u00e1 nh\u00e2n c\u1ee7a qu\u00fd kh\u00e1ch trong th\u1eddi gian c\u1ea7n thi\u1ebft v\u00e0 ti\u1ebfn h\u00e0nh ti\u00eau h\u1ee7y khi kh\u00f4ng c\u00f2n c\u1ea7n thi\u1ebft n\u1eefa, tr\u1eeb khi ph\u00e1p lu\u1eadt quy \u0111\u1ecbnh kh\u00e1c (v\u00ed d\u1ee5 l\u01b0u tr\u1eef h\u00f3a \u0111\u01a1n, ch\u1ee9ng t\u1eeb theo quy \u0111\u1ecbnh t\u00e0i ch\u00ednh).<\/p>\n<h2 class=\"\" style=\"text-align: justify;\" data-start=\"4762\" data-end=\"4772\">Li\u00ean h\u1ec7<\/h2>\n<p class=\"\" style=\"text-align: justify;\" data-start=\"4774\" data-end=\"4927\">N\u1ebfu qu\u00fd kh\u00e1ch c\u00f3 b\u1ea5t k\u1ef3 c\u00e2u h\u1ecfi, y\u00eau c\u1ea7u ch\u1ec9nh s\u1eeda, x\u00f3a ho\u1eb7c khi\u1ebfu n\u1ea1i li\u00ean quan \u0111\u1ebfn quy\u1ec1n ri\u00eang t\u01b0, xin vui l\u00f2ng li\u00ean h\u1ec7 v\u1edbi ch\u00fang t\u00f4i qua c\u00e1c k\u00eanh sau:<\/p>\n<ul style=\"text-align: justify;\" data-start=\"4929\" data-end=\"5143\">\n<li class=\"\" data-start=\"4929\" data-end=\"5004\">\n<p class=\"\" data-start=\"4931\" data-end=\"5004\">Email: <strong>lienhe@cuocsongduc.org<\/strong><\/p>\n<\/li>\n<li class=\"\" data-start=\"5005\" data-end=\"5043\">\n<p class=\"\" data-start=\"5007\" data-end=\"5043\">\u0110i\u1ec7n tho\u1ea1i: <strong>091 320 9710<\/strong><\/p>\n<\/li>\n<li class=\"\" data-start=\"5044\" data-end=\"5143\">\n<p class=\"\" data-start=\"5046\" data-end=\"5143\">\u0110\u1ecba ch\u1ec9: 624 L\u00ea \u0110\u1ee9c Th\u1ecd F15 Qu\u1eadn G\u00f2 V\u1ea5p , TP. H\u1ed3 Ch\u00ed Minh, Vi\u1ec7t Nam.<\/p>\n<\/li>\n<\/ul>\n<p class=\"\" style=\"text-align: justify;\" data-start=\"5145\" data-end=\"5324\">Ch\u00fang t\u00f4i cam k\u1ebft xem x\u00e9t v\u00e0 ph\u1ea3n h\u1ed3i y\u00eau c\u1ea7u c\u1ee7a qu\u00fd kh\u00e1ch trong th\u1eddi gian s\u1edbm nh\u1ea5t theo quy \u0111\u1ecbnh c\u1ee7a ph\u00e1p lu\u1eadt. C\u1ea3m \u01a1n qu\u00fd kh\u00e1ch \u0111\u00e3 tin t\u01b0\u1edfng v\u00e0 s\u1eed d\u1ee5ng d\u1ecbch v\u1ee5 c\u1ee7a ch\u00fang t\u00f4i.<\/p>\n<p class=\"\" style=\"text-align: justify;\" data-start=\"5326\" data-end=\"5582\"><strong data-start=\"5326\" data-end=\"5346\">Ngu\u1ed3n tham kh\u1ea3o:<\/strong> Ch\u00fang t\u00f4i lu\u00f4n tu\u00e2n th\u1ee7 Ngh\u1ecb \u0111\u1ecbnh 13\/2023\/N\u0110-CP v\u1ec1 b\u1ea3o v\u1ec7 d\u1eef li\u1ec7u c\u00e1 nh\u00e2n v\u00e0 c\u00e1c quy \u0111\u1ecbnh ph\u00e1p lu\u1eadt c\u00f3 li\u00ean quan<span class=\"\" data-state=\"closed\"><span class=\"ms-1 inline-flex max-w-full items-center relative top-[-0.094rem] animate-[show_150ms_ease-in]\"><a class=\"flex h-4.5 overflow-hidden rounded-xl px-2 text-[0.5625em] font-medium text-token-text-secondary! bg-[#F4F4F4]! dark:bg-[#303030]! transition-colors duration-150 ease-in-out\" href=\"https:\/\/xaydungchinhsach.chinhphu.vn\/toan-van-nghi-dinh-13-2023-nd-cp-bao-ve-du-lieu-ca-nhan-119230516104357809.htm#:~:text=Ch%E1%BB%A7%20th%E1%BB%83%20d%E1%BB%AF%20li%E1%BB%87u%20%C4%91%C6%B0%E1%BB%A3c,lu%E1%BA%ADt%20c%C3%B3%20quy%20%C4%91%E1%BB%8Bnh%20kh%C3%A1c\" target=\"_blank\" rel=\"noopener\"><span class=\"relative start-0 bottom-0 flex h-full w-full items-center\"><span class=\"flex h-4 w-full items-center justify-between overflow-hidden\"><span class=\"max-w-full grow truncate overflow-hidden text-center\">xaydungchinhsach.chinhphu.vn<\/span><\/span><\/span><\/a><\/span><\/span><span class=\"ms-1 inline-flex max-w-full items-center relative top-[-0.094rem] animate-[show_150ms_ease-in]\"><a class=\"flex h-4.5 overflow-hidden rounded-xl px-2 text-[0.5625em] font-medium text-token-text-secondary! bg-[#F4F4F4]! dark:bg-[#303030]! transition-colors duration-150 ease-in-out\" href=\"https:\/\/xaydungchinhsach.chinhphu.vn\/toan-van-nghi-dinh-13-2023-nd-cp-bao-ve-du-lieu-ca-nhan-119230516104357809.htm#:~:text=7,lu%E1%BA%ADt%20c%C3%B3%20quy%20%C4%91%E1%BB%8Bnh%20kh%C3%A1c\" target=\"_blank\" rel=\"noopener\"><span class=\"relative start-0 bottom-0 flex h-full w-full items-center\"><span class=\"flex h-4 w-full items-center justify-between overflow-hidden\"><span class=\"max-w-full grow truncate overflow-hidden text-center\">xaydungchinhsach.chinhphu.vn<\/span><\/span><\/span><\/a><\/span> \u0111\u1ec3 b\u1ea3o v\u1ec7 t\u1ed1t nh\u1ea5t quy\u1ec1n l\u1ee3i c\u1ee7a kh\u00e1ch h\u00e0ng.<\/p>\n","protected":false},"excerpt":{"rendered":"<p>Ch\u00fang t\u00f4i (Cu\u1ed9c S\u1ed1ng \u1ede \u0110\u1ee9c) tr\u00e2n tr\u1ecdng quy\u1ec1n ri\u00eang t\u01b0 v\u00e0 cam k\u1ebft b\u1ea3o v\u1ec7 th\u00f4ng tin c\u00e1 nh\u00e2n c\u1ee7a qu\u00fd kh\u00e1ch theo quy \u0111\u1ecbnh c\u1ee7a ph\u00e1p lu\u1eadt Vi\u1ec7t Nam. Khi s\u1eed d\u1ee5ng d\u1ecbch v\u1ee5 mua h\u00e0ng t\u1ea1i website, qu\u00fd kh\u00e1ch cung c\u1ea5p c\u00e1c th\u00f4ng tin c\u00e1 nh\u00e2n c\u01a1 b\u1ea3n nh\u01b0 h\u1ecd t\u00ean, \u0111\u1ecba&#8230;<\/p>\n","protected":false},"author":1,"featured_media":0,"parent":0,"menu_order":0,"comment_status":"closed","ping_status":"open","template":"","meta":{"_bst_post_transparent":"default","_bst_post_title":"default","_bst_post_layout":"default","_bst_post_sidebar_id":"","_bst_post_content_style":"default","_bst_post_vertical_padding":"default","_bst_post_feature":"","_bst_post_feature_position":"","_bst_post_header":false,"_bst_post_footer":false,"footnotes":""},"class_list":["post-3","page","type-page","status-publish","hentry"],"_links":{"self":[{"href":"https:\/\/cuocsongduc.org\/index.php?rest_route=\/wp\/v2\/pages\/3","targetHints":{"allow":["GET"]}}],"collection":[{"href":"https:\/\/cuocsongduc.org\/index.php?rest_route=\/wp\/v2\/pages"}],"about":[{"href":"https:\/\/cuocsongduc.org\/index.php?rest_route=\/wp\/v2\/types\/page"}],"author":[{"embeddable":true,"href":"https:\/\/cuocsongduc.org\/index.php?rest_route=\/wp\/v2\/users\/1"}],"replies":[{"embeddable":true,"href":"https:\/\/cuocsongduc.org\/index.php?rest_route=%2Fwp%2Fv2%2Fcomments&post=3"}],"version-history":[{"count":1,"href":"https:\/\/cuocsongduc.org\/index.php?rest_route=\/wp\/v2\/pages\/3\/revisions"}],"predecessor-version":[{"id":1668,"href":"https:\/\/cuocsongduc.org\/index.php?rest_route=\/wp\/v2\/pages\/3\/revisions\/1668"}],"wp:attachment":[{"href":"https:\/\/cuocsongduc.org\/index.php?rest_route=%2Fwp%2Fv2%2Fmedia&parent=3"}],"curies":[{"name":"wp","href":"https:\/\/api.w.org\/{rel}","templated":true}]}}